{"id":14132,"date":"2021-04-29T12:08:57","date_gmt":"2021-04-29T10:08:57","guid":{"rendered":"https:\/\/empac.pl\/kontakt\/"},"modified":"2024-05-16T15:21:53","modified_gmt":"2024-05-16T13:21:53","slug":"kontakt","status":"publish","type":"page","link":"https:\/\/empac.pl\/de\/kontakt\/","title":{"rendered":"Kontakt"},"content":{"rendered":"\t\t<div data-elementor-type=\"wp-page\" data-elementor-id=\"14132\" class=\"elementor elementor-14132\">\n\t\t\t\t\t\t\t\t\t<section data-particle_enable=\"false\" data-particle-mobile-disabled=\"false\" class=\"elementor-section elementor-top-section elementor-element elementor-element-9994433 tm-col-stretched-both tm-elementor-bg-color-grey elementor-section-stretched tm-column-break-ipad-yes elementor-section-boxed elementor-section-height-default elementor-section-height-default\" data-id=\"9994433\" data-element_type=\"section\" data-settings=\"{&quot;stretch_section&quot;:&quot;section-stretched&quot;}\">\n\t\t\t\t\t\t<div class=\"elementor-container elementor-column-gap-no\">\n\t\t\t\t\t<div class=\"elementor-column elementor-col-100 elementor-top-column elementor-element elementor-element-5074b39\" data-id=\"5074b39\" data-element_type=\"column\">\n\t\t\t<div class=\"elementor-widget-wrap elementor-element-populated\">\n\t\t\t\t\t\t\t\t<div class=\"elementor-element elementor-element-354d59f tm-align-left elementor-widget elementor-widget-tm_heading\" data-id=\"354d59f\" data-element_type=\"widget\" data-widget_type=\"tm_heading.default\">\n\t\t\t\t<div class=\"elementor-widget-container\">\n\t\t\t<div class=\"tm-element-heading-content-wrapper left-align tm-reverse-heading-yes tm-seperator-none  tm-heading-style-vertical \"><div class=\"tm-content-header\"><h4 class=\"tm-element-subhead\">\n\t\t\t\tKontakt\n\t\t\t<\/h4>\n\t\t<h2 class=\"tm-element-content-heading\">\n\t\t\t\tHersteller von BIG BAG Beh\u00e4ltern\n\t\t\t<\/h2>\n\t\t<\/div><\/div>\t\t<\/div>\n\t\t\t\t<\/div>\n\t\t\t\t<section data-particle_enable=\"false\" data-particle-mobile-disabled=\"false\" class=\"elementor-section elementor-inner-section elementor-element elementor-element-61ad8a5 tm-column-break-ipad-no tm-col-stretched-none elementor-section-boxed elementor-section-height-default elementor-section-height-default\" data-id=\"61ad8a5\" data-element_type=\"section\">\n\t\t\t\t\t\t<div class=\"elementor-container elementor-column-gap-no\">\n\t\t\t\t\t<div class=\"elementor-column elementor-col-50 elementor-inner-column elementor-element elementor-element-08fd9cc tm-bgcolor-yes tm-elementor-bg-color-white tm-icon-skin\" data-id=\"08fd9cc\" data-element_type=\"column\">\n\t\t\t<div class=\"elementor-widget-wrap elementor-element-populated\">\n\t\t\t\t\t\t\t\t<div class=\"elementor-element elementor-element-a324b10 elementor-widget elementor-widget-heading\" data-id=\"a324b10\" data-element_type=\"widget\" data-widget_type=\"heading.default\">\n\t\t\t\t<div class=\"elementor-widget-container\">\n\t\t\t<style>\/*! elementor - v3.6.1 - 23-03-2022 *\/\n.elementor-heading-title{padding:0;margin:0;line-height:1}.elementor-widget-heading .elementor-heading-title[class*=elementor-size-]>a{color:inherit;font-size:inherit;line-height:inherit}.elementor-widget-heading .elementor-heading-title.elementor-size-small{font-size:15px}.elementor-widget-heading .elementor-heading-title.elementor-size-medium{font-size:19px}.elementor-widget-heading .elementor-heading-title.elementor-size-large{font-size:29px}.elementor-widget-heading .elementor-heading-title.elementor-size-xl{font-size:39px}.elementor-widget-heading .elementor-heading-title.elementor-size-xxl{font-size:59px}<\/style><h3 class=\"elementor-heading-title elementor-size-default\">EMPAC Polska Sp. z o.o.<\/h3>\t\t<\/div>\n\t\t\t\t<\/div>\n\t\t\t\t<div class=\"elementor-element elementor-element-f2f6b61 elementor-widget elementor-widget-text-editor\" data-id=\"f2f6b61\" data-element_type=\"widget\" data-widget_type=\"text-editor.default\">\n\t\t\t\t<div class=\"elementor-widget-container\">\n\t\t\t<style>\/*! elementor - v3.6.1 - 23-03-2022 *\/\n.elementor-widget-text-editor.elementor-drop-cap-view-stacked .elementor-drop-cap{background-color:#818a91;color:#fff}.elementor-widget-text-editor.elementor-drop-cap-view-framed .elementor-drop-cap{color:#818a91;border:3px solid;background-color:transparent}.elementor-widget-text-editor:not(.elementor-drop-cap-view-default) .elementor-drop-cap{margin-top:8px}.elementor-widget-text-editor:not(.elementor-drop-cap-view-default) .elementor-drop-cap-letter{width:1em;height:1em}.elementor-widget-text-editor .elementor-drop-cap{float:left;text-align:center;line-height:1;font-size:50px}.elementor-widget-text-editor .elementor-drop-cap-letter{display:inline-block}<\/style>\t\t\t\t<p class=\"contact-info\">Zduny 48, 83-115 ZDUNY<br>Woiwodschaft Pomorski, Polen<\/p>\n<p class=\"contact-info\"><strong>NIP:<\/strong> 592-15-45-286<\/p>\n<p class=\"contact-info\"><strong>REGON:<\/strong> 1911889319<\/p>\n<p class=\"contact-info\"><strong>KRS:<\/strong> 0000114319<\/p>\n<p>Amtsgericht Gda\u0144sk-P\u00f3\u0142noc<br>VII Wydzia\u0142 Gospodarczy KRS <br>(VII Wirtschaftsabteilung Handelsregister)<\/p>\n<p>Gesellschaftskapital: 2.000.000 PLN<\/p>\n<p><img decoding=\"async\" style=\"width: 230px; margin-top: 15px;\" src=\"\/wp-content\/uploads\/2021\/10\/empac-logo.svg\"><\/p>\t\t\t\t\t\t<\/div>\n\t\t\t\t<\/div>\n\t\t\t\t\t<\/div>\n\t\t<\/div>\n\t\t\t\t<div class=\"elementor-column elementor-col-50 elementor-inner-column elementor-element elementor-element-42f6f0e tm-bgcolor-yes tm-elementor-bg-color-white\" data-id=\"42f6f0e\" data-element_type=\"column\">\n\t\t\t<div class=\"elementor-widget-wrap elementor-element-populated\">\n\t\t\t\t\t\t\t\t<div class=\"elementor-element elementor-element-121778a elementor-widget elementor-widget-html\" data-id=\"121778a\" data-element_type=\"widget\" data-widget_type=\"html.default\">\n\t\t\t\t<div class=\"elementor-widget-container\">\n\t\t\t<!-- Note :\r\n   - You can modify the font style and form style to suit your website. \r\n   - Code lines with comments Do not remove this code are required for the form to work properly, make sure that you do not remove these lines of code. \r\n   - The Mandatory check script can modified as to suit your business needs. \r\n   - It is important that you test the modified form before going live.-->\r\n<div id='crmWebToEntityForm' class='zcwf_lblLeft crmWebToEntityForm' style='background-color: white;color: black;max-width: 600px;'>\r\n  <meta name='viewport' content='width=device-width, initial-scale=1.0'>\r\n   <META HTTP-EQUIV ='content-type' CONTENT='text\/html;charset=UTF-8'>\r\n   <script src='https:\/\/www.google.com\/recaptcha\/api.js' async defer><\/script>\r\n<form action='https:\/\/crm.zoho.eu\/crm\/WebToLeadForm' name=WebToLeads399458000001038001 method='POST' onSubmit='javascript:document.charset=\"UTF-8\"; return checkMandatory399458000001038001()' accept-charset='UTF-8'>\r\n <input type='text' style='display:none;' name='xnQsjsdp' value='3c84483c277d4654a1b4c396d146b27752e2a98d50bac14a2e97a4d58c6630aa'><\/input> \r\n <input type='hidden' name='zc_gad' id='zc_gad' value=''><\/input> \r\n <input type='text' style='display:none;' name='xmIwtLD' value='2615a43cab7ebb5346dd353ff562f7d8c12724a0fb5ef1afd2515dbc65fb6ea5'><\/input> \r\n <input type='text'  style='display:none;' name='actionType' value='TGVhZHM='><\/input>\r\n <input type='text' style='display:none;' name='returnURL' value='https&#x3a;&#x2f;&#x2f;empac.pl&#x2f;' > <\/input>\r\n\t <!-- Do not remove this code. -->\r\n   <style>\r\n      html,body{\r\n        margin: 0px;\r\n      }\r\n      #crmWebToEntityForm.zcwf_lblLeft {\r\n          width:100%;\r\n          padding: 25px;\r\n          margin: 0 auto;\r\n          box-sizing: border-box;\r\n      }\r\n      #crmWebToEntityForm.zcwf_lblLeft * {\r\n          box-sizing: border-box;\r\n      }\r\n      #crmWebToEntityForm{text-align: left;}\r\n      #crmWebToEntityForm * {\r\n          direction: ltr;\r\n      }\r\n      .zcwf_lblLeft .zcwf_title {\r\n          word-wrap: break-word;\r\n          padding: 0px 6px 10px;\r\n          font-weight: bold;\r\n      }\r\n      .zcwf_lblLeft .zcwf_col_fld input[type=text], .zcwf_lblLeft .zcwf_col_fld textarea {\r\n          width: 100%;\r\n          border: 1px solid #ccc !important;\r\n          resize: vertical;\r\n          border-radius: 2px;\r\n          float: left;\r\n      }\r\n      .zcwf_lblLeft .zcwf_col_lab {\r\n          width: 30%;\r\n          word-break: break-word;\r\n          padding: 0px 6px 0px;\r\n          margin-right: 10px;\r\n          margin-top: 5px;\r\n          float: left;\r\n          min-height: 1px;\r\n      }\r\n      .zcwf_lblLeft .zcwf_col_fld {\r\n          float: left;\r\n          width: 68%;\r\n          padding: 0px 6px 0px;\r\n          position: relative;\r\n          margin-top: 5px;\r\n      }\r\n      .zcwf_lblLeft .zcwf_privacy{padding: 6px;}\r\n      .zcwf_lblLeft .wfrm_fld_dpNn{display: none;}\r\n      .dIB{display: inline-block;}\r\n      .zcwf_lblLeft .zcwf_col_fld_slt {\r\n          width: 60%;\r\n          border: 1px solid #ccc;\r\n          background: #fff;\r\n          border-radius: 4px;\r\n          font-size: 12px;\r\n          float: left;\r\n          resize: vertical;\r\n          padding: 2px 5px;\r\n      }\r\n      .zcwf_lblLeft .zcwf_row:after, .zcwf_lblLeft .zcwf_col_fld:after {\r\n          content: '';\r\n          display: table;\r\n          clear: both;\r\n      }\r\n      .zcwf_lblLeft .zcwf_col_help {\r\n          float: left;\r\n          margin-left: 7px;\r\n          font-size: 12px;\r\n          max-width: 35%;\r\n          word-break: break-word;\r\n      }\r\n      .zcwf_lblLeft .zcwf_help_icon {\r\n          cursor: pointer;\r\n          width: 16px;\r\n          height: 16px;\r\n          display: inline-block;\r\n          background: #fff;\r\n          border: 1px solid #ccc;\r\n          color: #ccc;\r\n          text-align: center;\r\n          font-size: 11px;\r\n          line-height: 16px;\r\n          font-weight: bold;\r\n          border-radius: 50%;\r\n      }\r\n      .zcwf_lblLeft .zcwf_row {margin: 15px 0px;}\r\n      .zcwf_lblLeft .formsubmit {\r\n          margin-right: 5px;\r\n          cursor: pointer;\r\n          color: #333;\r\n          font-size: 12px;\r\n      }\r\n      .zcwf_lblLeft .zcwf_privacy_txt {\r\n          width: 90%;\r\n          color: rgb(0, 0, 0);\r\n          font-size: 12px;\r\n          font-family: Arial;\r\n          display: inline-block;\r\n          vertical-align: top;\r\n          color: #333;\r\n          padding-top: 2px;\r\n          margin-left: 6px;\r\n      }\r\n      .zcwf_lblLeft .zcwf_button {\r\n          font-size: 12px;\r\n          color: #fff;\r\n          border: 1px solid #ccc;\r\n          padding: 14px 30px;\r\n          border-radius: 0px;\r\n          cursor: pointer;\r\n          max-width: 120px;\r\n          overflow: hidden;\r\n          text-overflow: ellipsis;\r\n          white-space: nowrap;\r\n      }\r\n      .zcwf_lblLeft .zcwf_tooltip_over{\r\n          position: relative;\r\n      }\r\n      .zcwf_lblLeft .zcwf_tooltip_ctn{\r\n          position: absolute;\r\n          background: #dedede;\r\n          padding: 3px 6px;\r\n          top: 3px;\r\n          border-radius: 4px;\r\n          word-break: break-word;\r\n          min-width: 100px;\r\n          max-width: 150px;\r\n          color: #333;\r\n          z-index: 100;\r\n      }\r\n      .zcwf_lblLeft .zcwf_ckbox{\r\n          float: left;\r\n      }\r\n      .zcwf_lblLeft .zcwf_file{\r\n          width: 55%;\r\n          box-sizing: border-box;\r\n          float: left;\r\n      }\r\n      .clearB:after{\r\n          content:'';\r\n          display: block;\r\n          clear: both;\r\n      }\r\n      .zcwf_lblLeft .zcwf_col_fld {\r\n          float: left;\r\n          width: 100%;\r\n          padding: 0px 6px 0px;\r\n          position: relative;\r\n          margin-top: 5px;\r\n      }\r\n      @media all and (max-width: 600px) {\r\n          .zcwf_lblLeft .zcwf_col_lab, .zcwf_lblLeft .zcwf_col_fld {\r\n              width: auto;\r\n              float: none !important;          \r\n              }\r\n          .zcwf_lblLeft .zcwf_col_help {width: 40%;\r\n          }\r\n      }\r\n      <\/style>\r\n<div class='zcwf_title' style='max-width: 600px;color: black;'>Kontakt<\/div>\r\n<div class='zcwf_row'><div class='zcwf_col_lab' style='font-size:12px; font-family: Arial;'><label for='First_Name'>Vorname<span style='color:red;'>*<\/span><\/label><\/div><div class='zcwf_col_fld'><input type='text' id='First_Name' name='First Name' maxlength='40'><\/input><div class='zcwf_col_help'><\/div><\/div><\/div>\r\n<div class='zcwf_row'><div class='zcwf_col_lab' style='font-size:12px; font-family: Arial;'><label for='Last_Name'>Name<span style='color:red;'>*<\/span><\/label><\/div><div class='zcwf_col_fld'><input type='text' id='Last_Name' name='Last Name' maxlength='80'><\/input><div class='zcwf_col_help'><\/div><\/div><\/div>\r\n<div class='zcwf_row'><div class='zcwf_col_lab' style='font-size:12px; font-family: Arial;'><label for='Email'>E-mail Adresse<span style='color:red;'>*<\/span><\/label><\/div><div class='zcwf_col_fld'><input type='text' ftype='email' id='Email' name='Email' maxlength='100'><\/input><div class='zcwf_col_help'><\/div><\/div><\/div>\r\n<div class='zcwf_row'><div class='zcwf_col_lab' style='font-size:12px; font-family: Arial;'><label for='Phone'>Tel.-Nummer<span style='color:red;'>*<\/span><\/label><\/div><div class='zcwf_col_fld'><input type='text' id='Phone' name='Phone' maxlength='30'><\/input><div class='zcwf_col_help'><\/div><\/div><\/div>\r\n<div class='zcwf_row'><div class='zcwf_col_lab' style='font-size:12px; font-family: Arial;'><label for='Company'>Firma<span style='color:red;'>*<\/span><\/label><\/div><div class='zcwf_col_fld'><input type='text' id='Company' name='Company' maxlength='200'><\/input><div class='zcwf_col_help'><\/div><\/div><\/div>\r\n<div class='zcwf_row'><div class='zcwf_col_lab' style='font-size:12px; font-family: Arial;'><label for='Description'>Ihre Anfrage<span style='color:red;'>*<\/span><\/label><\/div><div class='zcwf_col_fld'><textarea id='Description' name='Description'><\/textarea><div class='zcwf_col_help'><\/div><\/div><\/div><div class='zcwf_row'> <div class='zcwf_col_lab'><\/div><div class='zcwf_col_fld'><div class='g-recaptcha' data-sitekey='6LcgJWghAAAAAAe2dY9ahGlAqRBpgsStHwpThe-L' data-theme='light' data-callback='rccallback399458000001038001' captcha-verified='false' id='recap399458000001038001'><\/div><div  id='recapErr399458000001038001' style='font-size:12px;color:red;visibility:hidden;'>Captcha ERROR.<\/div><\/div><\/div><div class='zcwf_row'><div class='zcwf_col_lab'><\/div><div class='zcwf_col_fld'><input type='submit' id='formsubmit' class='formsubmit zcwf_button' value='Senden' title='Senden'><input type='reset' class='zcwf_button' name='reset' value='Klar' title='Klar'><\/div><\/div>\r\n\t<script>\r\n\r\n  \/* Do not remove this code. *\/\r\n \tfunction rccallback399458000001038001()\r\n\t{\r\n\t\tif(document.getElementById('recap399458000001038001')!=undefined){\r\n\t\t\tdocument.getElementById('recap399458000001038001').setAttribute('captcha-verified',true);\r\n\t\t}\r\n\t\tif(document.getElementById('recapErr399458000001038001')!=undefined && document.getElementById('recapErr399458000001038001').style.visibility == 'visible' ){\r\n\t\t\tdocument.getElementById('recapErr399458000001038001').style.visibility='hidden';\r\n\t\t}\r\n\t}\r\n\tfunction reCaptchaAlert399458000001038001()\r\n\t{\r\n\t\tvar recap = document.getElementById('recap399458000001038001');\r\n\t\tif( recap !=undefined && recap.getAttribute('captcha-verified') == 'false')\r\n\t\t{\r\n\t\t\tdocument.getElementById('recapErr399458000001038001').style.visibility='visible';\r\n\t\t\treturn false;\r\n\t\t}\r\n\t\treturn true;\r\n\t}\r\n\tfunction validateEmail399458000001038001()\r\n\t{\r\n\t\tvar form = document.forms['WebToLeads399458000001038001'];\r\n\t\tvar emailFld = form.querySelectorAll('[ftype=email]');\r\n\t\tvar i;\r\n\t\tfor (i = 0; i < emailFld.length; i++)\r\n\t\t{\r\n\t\t\tvar emailVal = emailFld[i].value;\r\n\t\t\tif((emailVal.replace(\/^\\s+|\\s+$\/g, '')).length!=0 )\r\n\t\t\t{\r\n\t\t\t\tvar atpos=emailVal.indexOf('@');\r\n\t\t\t\tvar dotpos=emailVal.lastIndexOf('.');\r\n\t\t\t\tif (atpos<1 || dotpos<atpos+2 || dotpos+2>=emailVal.length)\r\n\t\t\t\t{\r\n\t\t\t\t\talert('Wprowad\u017a prawid\u0142owy adres e-mail. ');\r\n\t\t\t\t\temailFld[i].focus();\r\n\t\t\t\t\treturn false;\r\n\t\t\t\t}\r\n\t\t\t}\r\n\t\t}\r\n\t\treturn true;\r\n\t}\r\n\r\n \t  function checkMandatory399458000001038001() {\r\n\t\tvar mndFileds = new Array('Company','First Name','Last Name','Email','Phone','Description');\r\n\t\tvar fldLangVal = new Array('Firma','Imi\\u0119','Nazwisko','Adres\\x20Email','Telefon','Tre\\u015B\\u0107\\x20wiadomo\\u015Bci');\r\n\t\tfor(i=0;i<mndFileds.length;i++) {\r\n\t\t  var fieldObj=document.forms['WebToLeads399458000001038001'][mndFileds[i]];\r\n\t\t  if(fieldObj) {\r\n\t\t\tif (((fieldObj.value).replace(\/^\\s+|\\s+$\/g, '')).length==0) {\r\n\t\t\t if(fieldObj.type =='file')\r\n\t\t\t\t{ \r\n\t\t\t\t alert('Wybierz plik do przes\u0142ania.'); \r\n\t\t\t\t fieldObj.focus(); \r\n\t\t\t\t return false;\r\n\t\t\t\t} \r\n\t\t\talert(fldLangVal[i] +' nie mo\u017ce by\u0107 puste.'); \r\n   \t   \t  \t  fieldObj.focus();\r\n   \t   \t  \t  return false;\r\n\t\t\t}  else if(fieldObj.nodeName=='SELECT') {\r\n  \t   \t   \t if(fieldObj.options[fieldObj.selectedIndex].value=='-None-') {\r\n\t\t\t\talert(fldLangVal[i] +' nie mo\u017ce mie\u015b\u0107 warto\u015bci \u201ebrak\u201d.'); \r\n\t\t\t\tfieldObj.focus();\r\n\t\t\t\treturn false;\r\n\t\t\t   }\r\n\t\t\t} else if(fieldObj.type =='checkbox'){\r\n \t \t \t if(fieldObj.checked == false){\r\n\t\t\t\talert('Please accept  '+fldLangVal[i]);\r\n\t\t\t\tfieldObj.focus();\r\n\t\t\t\treturn false;\r\n\t\t\t   } \r\n\t\t\t } \r\n\t\t\t try {\r\n\t\t\t     if(fieldObj.name == 'Last Name') {\r\n\t\t\t\tname = fieldObj.value;\r\n \t \t \t    }\r\n\t\t\t} catch (e) {}\r\n\t\t    }\r\n\t\t}\r\n\t\tif(!validateEmail399458000001038001()){return false;}\r\n\t\t\r\n\t\tif(!reCaptchaAlert399458000001038001()){return false;}\r\n\t\tdocument.querySelector('.crmWebToEntityForm .formsubmit').setAttribute('disabled', true);\r\n\t}\r\n\r\nfunction tooltipShow399458000001038001(el){\r\n\tvar tooltip = el.nextElementSibling;\r\n\tvar tooltipDisplay = tooltip.style.display;\r\n\tif(tooltipDisplay == 'none'){\r\n\t\tvar allTooltip = document.getElementsByClassName('zcwf_tooltip_over');\r\n\t\tfor(i=0; i<allTooltip.length; i++){\r\n\t\t\tallTooltip[i].style.display='none';\r\n\t\t}\r\n\t\ttooltip.style.display = 'block';\r\n\t}else{\r\n\t\ttooltip.style.display='none';\r\n\t}\r\n}\r\n<\/script>\r\n\t<\/form>\r\n<\/div>\t\t<\/div>\n\t\t\t\t<\/div>\n\t\t\t\t\t<\/div>\n\t\t<\/div>\n\t\t\t\t\t\t\t<\/div>\n\t\t<\/section>\n\t\t\t\t\t<\/div>\n\t\t<\/div>\n\t\t\t\t\t\t\t<\/div>\n\t\t<\/section>\n\t\t\t\t<section data-particle_enable=\"false\" data-particle-mobile-disabled=\"false\" class=\"elementor-section elementor-top-section elementor-element elementor-element-f26b36e elementor-section-stretched tm-iconbox-custom-style1 tm-column-break-ipad-yes tm-col-stretched-none elementor-section-boxed elementor-section-height-default elementor-section-height-default\" data-id=\"f26b36e\" data-element_type=\"section\" data-settings=\"{&quot;stretch_section&quot;:&quot;section-stretched&quot;}\">\n\t\t\t\t\t\t<div class=\"elementor-container elementor-column-gap-no\">\n\t\t\t\t\t<div class=\"elementor-column elementor-col-33 elementor-top-column elementor-element elementor-element-ff7e1c8\" data-id=\"ff7e1c8\" data-element_type=\"column\">\n\t\t\t<div class=\"elementor-widget-wrap elementor-element-populated\">\n\t\t\t\t\t\t\t\t<div class=\"elementor-element elementor-element-44e6bdd elementor-widget elementor-widget-tm_icon_heading\" data-id=\"44e6bdd\" data-element_type=\"widget\" data-widget_type=\"tm_icon_heading.default\">\n\t\t\t\t<div class=\"elementor-widget-container\">\n\t\t\t\n<div class=\"themetechmount-iconbox themetechmount-iconbox-stylesix themetechmount-iconcolor-skincolor themetechmount-icon-bgcolor-none tm-iconstyle-none tm-textalign-left\">\n<div class=\"themetechmount-iconbox-inner\">\n\t\t<div class=\"tm-iconbox-wrapper\">\n\t\t\t<div class=\"themetechmount-iconbox-icon\">\n\t\t\t<div class=\"tm-icon-type-text\">VERKAUFSABTEILUNG<\/div>\t\t\t<\/div>\n\t\t\t<div class=\"themetechmount-iconbox-heading\">\n\t\t\t\t\t\t\t\t<h2 class=\"tm-custom-heading\">\n\t\t\t\t\t\n\t\t\t\t\t\tAnna Konwent-W\u0142odarczyk\n\t\t\t\t\t\n\t\t\t\t\t<\/h2>\n\t\t\t\t\t\t\t\t<div class=\"tm-cta3-content-wrapper\">Tel.:\t        + 48  58  560 14 20<br \/>\nKom:\t+ 48  669 653 020\n<a class=\"link-contact-info\" href=\"mailto:anna.konwent@empac.pl\">anna.konwent@empac.pl<\/a><\/div>\t\t\t\t\t\t\t<\/div>\t\n\t\t<\/div>\n\t<\/div>\t\n\n<\/div>\n\t\t<\/div>\n\t\t\t\t<\/div>\n\t\t\t\t\t<\/div>\n\t\t<\/div>\n\t\t\t\t<div class=\"elementor-column elementor-col-33 elementor-top-column elementor-element elementor-element-29b25e4\" data-id=\"29b25e4\" data-element_type=\"column\">\n\t\t\t<div class=\"elementor-widget-wrap elementor-element-populated\">\n\t\t\t\t\t\t\t\t<div class=\"elementor-element elementor-element-3c021d9 elementor-widget elementor-widget-tm_icon_heading\" data-id=\"3c021d9\" data-element_type=\"widget\" data-widget_type=\"tm_icon_heading.default\">\n\t\t\t\t<div class=\"elementor-widget-container\">\n\t\t\t\n<div class=\"themetechmount-iconbox themetechmount-iconbox-stylesix themetechmount-iconcolor-skincolor themetechmount-icon-bgcolor-none tm-iconstyle-none tm-textalign-left\">\n<div class=\"themetechmount-iconbox-inner\">\n\t\t<div class=\"tm-iconbox-wrapper\">\n\t\t\t<div class=\"themetechmount-iconbox-icon\">\n\t\t\t<div class=\"tm-icon-type-text\">VERKAUFSABTEILUNG<\/div>\t\t\t<\/div>\n\t\t\t<div class=\"themetechmount-iconbox-heading\">\n\t\t\t\t\t\t\t\t<h2 class=\"tm-custom-heading\">\n\t\t\t\t\t\n\t\t\t\t\t\tZachariasz Gabryel\n\t\t\t\t\t\n\t\t\t\t\t<\/h2>\n\t\t\t\t\t\t\t\t<div class=\"tm-cta3-content-wrapper\">Tel.:\t        + 48  58  560 14 13<br \/>\nKom:\t+ 48  504 196 241\n<a class=\"link-contact-info\" href=\"mailto:zachariasz.gabryel@empac.pl\">zachariasz.gabryel@empac.pl<\/a><\/div>\t\t\t\t\t\t\t<\/div>\t\n\t\t<\/div>\n\t<\/div>\t\n\n<\/div>\n\t\t<\/div>\n\t\t\t\t<\/div>\n\t\t\t\t\t<\/div>\n\t\t<\/div>\n\t\t\t\t<div class=\"elementor-column elementor-col-33 elementor-top-column elementor-element elementor-element-84d18aa\" data-id=\"84d18aa\" data-element_type=\"column\">\n\t\t\t<div class=\"elementor-widget-wrap elementor-element-populated\">\n\t\t\t\t\t\t\t\t<div class=\"elementor-element elementor-element-b74aa5d elementor-widget elementor-widget-tm_icon_heading\" data-id=\"b74aa5d\" data-element_type=\"widget\" data-widget_type=\"tm_icon_heading.default\">\n\t\t\t\t<div class=\"elementor-widget-container\">\n\t\t\t\n<div class=\"themetechmount-iconbox themetechmount-iconbox-stylesix themetechmount-iconcolor-skincolor themetechmount-icon-bgcolor-none tm-iconstyle-none tm-textalign-left\">\n<div class=\"themetechmount-iconbox-inner\">\n\t\t<div class=\"tm-iconbox-wrapper\">\n\t\t\t<div class=\"themetechmount-iconbox-icon\">\n\t\t\t<div class=\"tm-icon-type-text\">PERSONALABTEILUNG<\/div>\t\t\t<\/div>\n\t\t\t<div class=\"themetechmount-iconbox-heading\">\n\t\t\t\t\t\t\t\t<h2 class=\"tm-custom-heading\">\n\t\t\t\t\t\n\t\t\t\t\t\tKatarzyna P\u0105czek\n\n\t\t\t\t\t\n\t\t\t\t\t<\/h2>\n\t\t\t\t\t\t\t\t<div class=\"tm-cta3-content-wrapper\">Tel.:\t        + 48  58  560 14 11<br \/>\nKom:\t+ 48  603 243 233<br \/>\n<a class=\"link-contact-info\" href=\"mailto:kadry@empac.pl\">kadry@empac.pl<\/a><\/div>\t\t\t\t\t\t\t<\/div>\t\n\t\t<\/div>\n\t<\/div>\t\n\n<\/div>\n\t\t<\/div>\n\t\t\t\t<\/div>\n\t\t\t\t\t<\/div>\n\t\t<\/div>\n\t\t\t\t\t\t\t<\/div>\n\t\t<\/section>\n\t\t\t\t<section data-particle_enable=\"false\" data-particle-mobile-disabled=\"false\" class=\"elementor-section elementor-top-section elementor-element elementor-element-694741e elementor-section-full_width elementor-section-stretched tm-column-break-ipad-no tm-col-stretched-none elementor-section-height-default elementor-section-height-default\" data-id=\"694741e\" data-element_type=\"section\" data-settings=\"{&quot;stretch_section&quot;:&quot;section-stretched&quot;}\">\n\t\t\t\t\t\t<div class=\"elementor-container elementor-column-gap-no\">\n\t\t\t\t\t<div class=\"elementor-column elementor-col-100 elementor-top-column elementor-element elementor-element-16e1291\" data-id=\"16e1291\" data-element_type=\"column\">\n\t\t\t<div class=\"elementor-widget-wrap elementor-element-populated\">\n\t\t\t\t\t\t\t\t<div class=\"elementor-element elementor-element-808da5f elementor-widget elementor-widget-google_maps\" data-id=\"808da5f\" data-element_type=\"widget\" data-widget_type=\"google_maps.default\">\n\t\t\t\t<div class=\"elementor-widget-container\">\n\t\t\t<style>\/*! elementor - v3.6.1 - 23-03-2022 *\/\n.elementor-widget-google_maps .elementor-widget-container{overflow:hidden}.elementor-widget-google_maps iframe{height:300px}<\/style>\t\t<div class=\"elementor-custom-embed\">\n\t\t\t<iframe frameborder=\"0\" scrolling=\"no\" marginheight=\"0\" marginwidth=\"0\"\n\t\t\t\t\tsrc=\"https:\/\/maps.google.com\/maps?q=Empac%20Polska&#038;t=m&#038;z=11&#038;output=embed&#038;iwloc=near\"\n\t\t\t\t\ttitle=\"Empac Polska\"\n\t\t\t\t\taria-label=\"Empac Polska\"\n\t\t\t><\/iframe>\n\t\t<\/div>\n\t\t\t\t<\/div>\n\t\t\t\t<\/div>\n\t\t\t\t\t<\/div>\n\t\t<\/div>\n\t\t\t\t\t\t\t<\/div>\n\t\t<\/section>\n\t\t\t\t\t\t\t<\/div>\n\t\t","protected":false},"excerpt":{"rendered":"<p>Kontakt Hersteller von BIG BAG Beh\u00e4ltern EMPAC Polska Sp. z o.o. Zduny 48, 83-115 ZDUNYWoiwodschaft Pomorski, Polen NIP: 592-15-45-286 REGON: 1911889319 KRS: 0000114319 Amtsgericht Gda\u0144sk-P\u00f3\u0142nocVII Wydzia\u0142 Gospodarczy KRS (VII Wirtschaftsabteilung Handelsregister) Gesellschaftskapital: 2.000.000 PLN Kontakt Vorname* Name* E-mail Adresse* Tel.-Nummer* Firma* Ihre Anfrage* Captcha ERROR. VERKAUFSABTEILUNG Anna Konwent-W\u0142odarczyk Tel.: + 48 58 560 14 20 Kom: + 48 669 653 020 anna.konwent@empac.pl VERKAUFSABTEILUNG Zachariasz Gabryel Tel.: + 48 58 560 14 13 Kom: + 48 504 196 241 zachariasz.gabryel@empac.pl PERSONALABTEILUNG Katarzyna P\u0105czek Tel.: + 48 58 560 14 11 Kom: + 48 603 243 233 kadry@empac.pl<\/p>\n","protected":false},"author":1,"featured_media":13508,"parent":0,"menu_order":0,"comment_status":"closed","ping_status":"closed","template":"","meta":{"footnotes":""},"class_list":["post-14132","page","type-page","status-publish","has-post-thumbnail","hentry"],"_links":{"self":[{"href":"https:\/\/empac.pl\/de\/wp-json\/wp\/v2\/pages\/14132","targetHints":{"allow":["GET"]}}],"collection":[{"href":"https:\/\/empac.pl\/de\/wp-json\/wp\/v2\/pages"}],"about":[{"href":"https:\/\/empac.pl\/de\/wp-json\/wp\/v2\/types\/page"}],"author":[{"embeddable":true,"href":"https:\/\/empac.pl\/de\/wp-json\/wp\/v2\/users\/1"}],"replies":[{"embeddable":true,"href":"https:\/\/empac.pl\/de\/wp-json\/wp\/v2\/comments?post=14132"}],"version-history":[{"count":23,"href":"https:\/\/empac.pl\/de\/wp-json\/wp\/v2\/pages\/14132\/revisions"}],"predecessor-version":[{"id":15155,"href":"https:\/\/empac.pl\/de\/wp-json\/wp\/v2\/pages\/14132\/revisions\/15155"}],"wp:featuredmedia":[{"embeddable":true,"href":"https:\/\/empac.pl\/de\/wp-json\/wp\/v2\/media\/13508"}],"wp:attachment":[{"href":"https:\/\/empac.pl\/de\/wp-json\/wp\/v2\/media?parent=14132"}],"curies":[{"name":"wp","href":"https:\/\/api.w.org\/{rel}","templated":true}]}}